{"id":91,"date":"2017-02-12T16:24:50","date_gmt":"2017-02-12T15:24:50","guid":{"rendered":"http:\/\/perroud-net.fr\/blog\/?page_id=91"},"modified":"2017-02-16T18:36:54","modified_gmt":"2017-02-16T17:36:54","slug":"presentation","status":"publish","type":"page","link":"https:\/\/perroud-net.fr\/","title":{"rendered":"Pr\u00e9sentation"},"content":{"rendered":"<p>Astrophotographe depuis l&rsquo;age de 30 ans, j&rsquo;ai d\u00e9but\u00e9 en argentique et tr\u00e8s vite je me suis lanc\u00e9 dans la CCD avec les premiers capteurs du commerce \u00e0 des prix abordables. En 2000 une Starlight MX916, puis une Starlight SXV-H9. En 2008 je suis pass\u00e9 au gros capteur 24&#215;36 avec une STL 11000 puis je suis revenu \u00e0 un capteur plus petit en 2013 avec une Moravian G2-4000.<\/p>\n<p>D&rsquo;un point de vue optique, j&rsquo;ai commenc\u00e9 avec un v\u00e9n\u00e9rable C8 \u00e0 fourche, puis une lunette Orion 80ED, une TEC 140, une Takahashi FSQ 85, et finalement, un Richtey-Chretien 10 pouces.<\/p>\n<p>Pour les montures, apr\u00e8s les fourches de mon C8, j&rsquo;ai eu une GPDX avec un\u00a0 Skysensor 2000, puis une Losmandy G11 pendant 12 ans, et depuis 2016 une Paramount MX+<\/p>\n<p>Je suis intervenant \u00e0 l&rsquo;association AIP (Astro Image Processing) .<a href=\"https:\/\/www.astro-images-processing.fr\/\"><img decoding=\"async\" loading=\"lazy\" class=\"alignnone size-medium wp-image-92\" src=\"http:\/\/perroud-net.fr\/blog\/wp-content\/uploads\/2017\/02\/logo-aip-fond-noir-300x78.jpg\" alt=\"\" width=\"300\" height=\"78\" srcset=\"https:\/\/perroud-net.fr\/blog\/wp-content\/uploads\/2017\/02\/logo-aip-fond-noir-300x78.jpg 300w, https:\/\/perroud-net.fr\/blog\/wp-content\/uploads\/2017\/02\/logo-aip-fond-noir-230x60.jpg 230w, https:\/\/perroud-net.fr\/blog\/wp-content\/uploads\/2017\/02\/logo-aip-fond-noir-350x91.jpg 350w, https:\/\/perroud-net.fr\/blog\/wp-content\/uploads\/2017\/02\/logo-aip-fond-noir-480x125.jpg 480w, https:\/\/perroud-net.fr\/blog\/wp-content\/uploads\/2017\/02\/logo-aip-fond-noir.jpg 686w\" sizes=\"(max-width: 300px) 100vw, 300px\" \/><\/a><\/p>\n<p>&nbsp;<\/p>\n<p><a href=\"http:\/\/astro.perroud-net.fr\/Publication.htm\">Mes images publi\u00e9es dans les revues\u00a0 ou livres d&rsquo;astronomie fran\u00e7ais ou \u00e9trangers.<\/a><\/p>\n","protected":false},"excerpt":{"rendered":"<p>Astrophotographe depuis l&rsquo;age de 30 ans, j&rsquo;ai d\u00e9but\u00e9 en argentique et tr\u00e8s vite je me suis lanc\u00e9 dans la CCD avec les premiers capteurs du commerce \u00e0 des prix abordables. En 2000 une Starlight MX916, puis une Starlight SXV-H9. En 2008 je suis pass\u00e9 au gros capteur 24&#215;36 avec une STL 11000 puis je suis [&hellip;]<\/p>\n","protected":false},"author":1,"featured_media":0,"parent":0,"menu_order":0,"comment_status":"closed","ping_status":"closed","template":"","meta":[],"yoast_head":"<!-- This site is optimized with the Yoast SEO plugin v15.8 - https:\/\/yoast.com\/wordpress\/plugins\/seo\/ -->\n<title>Pr\u00e9sentation - Astro Site de Val\u00e8re<\/title>\n<meta name=\"robots\" content=\"index, follow, max-snippet:-1, max-image-preview:large, max-video-preview:-1\" \/>\n<link rel=\"canonical\" href=\"https:\/\/perroud-net.fr\/\" \/>\n<meta property=\"og:locale\" content=\"fr_FR\" \/>\n<meta property=\"og:type\" content=\"article\" \/>\n<meta property=\"og:title\" content=\"Pr\u00e9sentation - Astro Site de Val\u00e8re\" \/>\n<meta property=\"og:description\" content=\"Astrophotographe depuis l&rsquo;age de 30 ans, j&rsquo;ai d\u00e9but\u00e9 en argentique et tr\u00e8s vite je me suis lanc\u00e9 dans la CCD avec les premiers capteurs du commerce \u00e0 des prix abordables. En 2000 une Starlight MX916, puis une Starlight SXV-H9. En 2008 je suis pass\u00e9 au gros capteur 24&#215;36 avec une STL 11000 puis je suis [&hellip;]\" \/>\n<meta property=\"og:url\" content=\"https:\/\/perroud-net.fr\/\" \/>\n<meta property=\"og:site_name\" content=\"Astro Site de Val\u00e8re\" \/>\n<meta property=\"article:modified_time\" content=\"2017-02-16T17:36:54+00:00\" \/>\n<meta property=\"og:image\" content=\"http:\/\/perroud-net.fr\/blog\/wp-content\/uploads\/2017\/02\/logo-aip-fond-noir-300x78.jpg\" \/>\n<meta name=\"twitter:card\" content=\"summary\" \/>\n<meta name=\"twitter:label1\" content=\"Dur\u00e9e de lecture est.\">\n\t<meta name=\"twitter:data1\" content=\"1 minute\">\n<script type=\"application\/ld+json\" class=\"yoast-schema-graph\">{\"@context\":\"https:\/\/schema.org\",\"@graph\":[{\"@type\":\"WebSite\",\"@id\":\"https:\/\/perroud-net.fr\/#website\",\"url\":\"https:\/\/perroud-net.fr\/\",\"name\":\"Astro Site de Val\\u00e8re\",\"description\":\"\",\"potentialAction\":[{\"@type\":\"SearchAction\",\"target\":\"https:\/\/perroud-net.fr\/?s={search_term_string}\",\"query-input\":\"required name=search_term_string\"}],\"inLanguage\":\"fr-FR\"},{\"@type\":\"ImageObject\",\"@id\":\"https:\/\/perroud-net.fr\/#primaryimage\",\"inLanguage\":\"fr-FR\",\"url\":\"http:\/\/perroud-net.fr\/blog\/wp-content\/uploads\/2017\/02\/logo-aip-fond-noir-300x78.jpg\"},{\"@type\":\"WebPage\",\"@id\":\"https:\/\/perroud-net.fr\/#webpage\",\"url\":\"https:\/\/perroud-net.fr\/\",\"name\":\"Pr\\u00e9sentation - Astro Site de Val\\u00e8re\",\"isPartOf\":{\"@id\":\"https:\/\/perroud-net.fr\/#website\"},\"primaryImageOfPage\":{\"@id\":\"https:\/\/perroud-net.fr\/#primaryimage\"},\"datePublished\":\"2017-02-12T15:24:50+00:00\",\"dateModified\":\"2017-02-16T17:36:54+00:00\",\"breadcrumb\":{\"@id\":\"https:\/\/perroud-net.fr\/#breadcrumb\"},\"inLanguage\":\"fr-FR\",\"potentialAction\":[{\"@type\":\"ReadAction\",\"target\":[\"https:\/\/perroud-net.fr\/\"]}]},{\"@type\":\"BreadcrumbList\",\"@id\":\"https:\/\/perroud-net.fr\/#breadcrumb\",\"itemListElement\":[{\"@type\":\"ListItem\",\"position\":1,\"item\":{\"@type\":\"WebPage\",\"@id\":\"https:\/\/perroud-net.fr\/\",\"url\":\"https:\/\/perroud-net.fr\/\",\"name\":\"Accueil\"}},{\"@type\":\"ListItem\",\"position\":2,\"item\":{\"@type\":\"WebPage\",\"@id\":\"https:\/\/perroud-net.fr\/\",\"url\":\"https:\/\/perroud-net.fr\/\",\"name\":\"Pr\\u00e9sentation\"}}]}]}<\/script>\n<!-- \/ Yoast SEO plugin. -->","_links":{"self":[{"href":"https:\/\/perroud-net.fr\/index.php\/wp-json\/wp\/v2\/pages\/91"}],"collection":[{"href":"https:\/\/perroud-net.fr\/index.php\/wp-json\/wp\/v2\/pages"}],"about":[{"href":"https:\/\/perroud-net.fr\/index.php\/wp-json\/wp\/v2\/types\/page"}],"author":[{"embeddable":true,"href":"https:\/\/perroud-net.fr\/index.php\/wp-json\/wp\/v2\/users\/1"}],"replies":[{"embeddable":true,"href":"https:\/\/perroud-net.fr\/index.php\/wp-json\/wp\/v2\/comments?post=91"}],"version-history":[{"count":6,"href":"https:\/\/perroud-net.fr\/index.php\/wp-json\/wp\/v2\/pages\/91\/revisions"}],"predecessor-version":[{"id":193,"href":"https:\/\/perroud-net.fr\/index.php\/wp-json\/wp\/v2\/pages\/91\/revisions\/193"}],"wp:attachment":[{"href":"https:\/\/perroud-net.fr\/index.php\/wp-json\/wp\/v2\/media?parent=91"}],"curies":[{"name":"wp","href":"https:\/\/api.w.org\/{rel}","templated":true}]}}